{"id":3437,"date":"2014-12-23T22:07:39","date_gmt":"2014-12-23T22:07:39","guid":{"rendered":"http:\/\/baltazar.thedreamslab.com\/?page_id=3437"},"modified":"2015-08-26T16:35:36","modified_gmt":"2015-08-26T16:35:36","slug":"servicio-al-cliente","status":"publish","type":"page","link":"https:\/\/www.baltazar.cl\/w3\/servicio-al-cliente\/","title":{"rendered":"Info pasaporte"},"content":{"rendered":"<p><a href=\"http:\/\/www.baltazar.cl\/w3\/wp-content\/uploads\/2015\/08\/PASAPORTES.jpg\"><img loading=\"lazy\" decoding=\"async\" class=\"alignnone size-medium wp-image-4005\" src=\"http:\/\/www.baltazar.cl\/w3\/wp-content\/uploads\/2015\/08\/PASAPORTES-300x193.jpg\" alt=\"PASAPORTES\" width=\"300\" height=\"193\" srcset=\"https:\/\/www.baltazar.cl\/w3\/wp-content\/uploads\/2015\/08\/PASAPORTES-300x193.jpg 300w, https:\/\/www.baltazar.cl\/w3\/wp-content\/uploads\/2015\/08\/PASAPORTES.jpg 324w\" sizes=\"auto, (max-width: 300px) 100vw, 300px\" \/><\/a><\/p>\n<p><strong>Informaci\u00f3n de Pasaportes<\/strong><\/p>\n<p>El Pasaporte es el documento oficial de viaje para chilenos, que contiene la identificaci\u00f3n de su titular y se extiende en forma de libreta, v\u00e1lido para ser usado fuera del territorio nacional.<\/p>\n<p>Todo chileno que desee viajar al extranjero deber\u00e1 estar en posesi\u00f3n de este Pasaporte, salvo que se dirija a Argentina, Uruguay, Paraguay, Brasil, Colombia, Ecuador,Per\u00fa y Bolivia, en cuyo caso s\u00f3lo necesitar\u00e1 su C\u00e9dula Nacional de Identidad vigente y en buen estado siempre y cuando la v\u00eda por la cual la compa\u00f1\u00eda a\u00e9rea realiza su ruta, no involucre otros pa\u00edses donde se requiera el pasaporte.<\/p>\n<p>Es de responsabilidad de cada pasajero verificar los documentos de viaje que necesitar\u00e1 para su viaje\u00a0 seg\u00fan las conexiones que las compa\u00f1\u00edas a\u00e9reas realizan en sus rutas, como por ejemplo:\u00a0 Visas, Pasaportes, Carnet de Identidad u otros.<\/p>\n<p>&nbsp;<\/p>\n<p><strong>C\u00f3mo Obtenerlo<\/strong><\/p>\n<p><strong>Mayores de 18 A\u00f1os<\/strong><\/p>\n<p>Para obtenerlo, deber\u00e1n concurrir a alguna de las Oficinas de Registro Civil \u00a0y presentar los siguientes documentos: \u00a0\u00a0C\u00e9dula de Identidad vigente y en buen estado.<\/p>\n<p><strong>Menores de 18 A\u00f1os<\/strong><\/p>\n<p>Para obtenerlo, deber\u00e1n concurrir a alguna de las Oficinas de Registro Civil \u00a0y presentar los siguientes documentos: \u00a0\u00a0C\u00e9dula de Identidad vigente y en buen estado, y Declaraci\u00f3n Jurada Simple de los padre.<\/p>\n<p>&nbsp;<\/p>\n<p>* \u00a0Si viaja solo, autorizaci\u00f3n notarial de ambos padres.<\/p>\n<p>* \u00a0Viaja s\u00f3lo con uno de los padres, autorizaci\u00f3n notarial del padre que no viaja<\/p>\n<p>* \u00a0Si uno o ambos padres residen en el extranjero, la autorizaci\u00f3n de salida deber\u00e1 ser otorgada ante el\u00a0C\u00f3nsul de Chile, en el pa\u00eds donde residen y legalizada en el Ministerio de Relaciones Exteriores en\u00a0Chile.<\/p>\n<p>* \u00a0Si se presenta quien tiene la tuici\u00f3n del menor por sentencia\u00a0<strong>judicial ejecutoriada<\/strong>, debe presentar\u00a0copia autorizada de la sentencia, salvo que se encuentre subinscrita al margen de la nscripci\u00f3n de\u00a0nacimiento.<\/p>\n<p>* \u00a0El plazo m\u00e1ximo de la tramitaci\u00f3n de un Pasaporte es de 6 d\u00edas h\u00e1biles.<\/p>\n<p><strong>Nota:<\/strong> Si s\u00f3lo uno de los padres concurre a solicitar el Pasaporte, debe firmar la declaraci\u00f3n jurada en ese momento, pudiendo el otro firmarla ante el Servicio, al momento del retiro<\/p>\n<p>&nbsp;<\/p>\n<p>&nbsp;<\/p>\n<p>&nbsp;<\/p>\n<p>&nbsp;<\/p>\n<p>&nbsp;<\/p>\n","protected":false},"excerpt":{"rendered":"<p>Informaci\u00f3n de Pasaportes El Pasaporte es el documento oficial de viaje para chilenos, que contiene la identificaci\u00f3n de su titular y se extiende en forma de libreta, v\u00e1lido para ser usado fuera del territorio nacional. Todo chileno que desee viajar al extranjero deber\u00e1 estar en posesi\u00f3n [&hellip;]<\/p>\n","protected":false},"author":1,"featured_media":0,"parent":0,"menu_order":0,"comment_status":"open","ping_status":"closed","template":"","meta":{"_bos_mb_destination":[],"footnotes":""},"class_list":["post-3437","page","type-page","status-publish","hentry"],"yoast_head":"<!-- This site is optimized with the Yoast SEO plugin v27.3 - https:\/\/yoast.com\/product\/yoast-seo-wordpress\/ -->\n<title>Info pasaporte - Baltazar Agencia de turismo<\/title>\n<meta name=\"robots\" content=\"index, follow, max-snippet:-1, max-image-preview:large, max-video-preview:-1\" \/>\n<link rel=\"canonical\" href=\"https:\/\/www.baltazar.cl\/w3\/servicio-al-cliente\/\" \/>\n<meta property=\"og:locale\" content=\"es_ES\" \/>\n<meta property=\"og:type\" content=\"article\" \/>\n<meta property=\"og:title\" content=\"Info pasaporte - Baltazar Agencia de turismo\" \/>\n<meta property=\"og:description\" content=\"Informaci\u00f3n de Pasaportes El Pasaporte es el documento oficial de viaje para chilenos, que contiene la identificaci\u00f3n de su titular y se extiende en forma de libreta, v\u00e1lido para ser usado fuera del territorio nacional. Todo chileno que desee viajar al extranjero deber\u00e1 estar en posesi\u00f3n [&hellip;]\" \/>\n<meta property=\"og:url\" content=\"https:\/\/www.baltazar.cl\/w3\/servicio-al-cliente\/\" \/>\n<meta property=\"og:site_name\" content=\"Baltazar Agencia de turismo\" \/>\n<meta property=\"article:modified_time\" content=\"2015-08-26T16:35:36+00:00\" \/>\n<meta property=\"og:image\" content=\"http:\/\/www.baltazar.cl\/w3\/wp-content\/uploads\/2015\/08\/PASAPORTES-300x193.jpg\" \/>\n<meta name=\"twitter:card\" content=\"summary_large_image\" \/>\n<meta name=\"twitter:label1\" content=\"Tiempo de lectura\" \/>\n\t<meta name=\"twitter:data1\" content=\"2 minutos\" \/>\n<script type=\"application\/ld+json\" class=\"yoast-schema-graph\">{\"@context\":\"https:\\\/\\\/schema.org\",\"@graph\":[{\"@type\":\"WebPage\",\"@id\":\"https:\\\/\\\/www.baltazar.cl\\\/w3\\\/servicio-al-cliente\\\/\",\"url\":\"https:\\\/\\\/www.baltazar.cl\\\/w3\\\/servicio-al-cliente\\\/\",\"name\":\"Info pasaporte - Baltazar Agencia de turismo\",\"isPartOf\":{\"@id\":\"https:\\\/\\\/www.baltazar.cl\\\/w3\\\/#website\"},\"primaryImageOfPage\":{\"@id\":\"https:\\\/\\\/www.baltazar.cl\\\/w3\\\/servicio-al-cliente\\\/#primaryimage\"},\"image\":{\"@id\":\"https:\\\/\\\/www.baltazar.cl\\\/w3\\\/servicio-al-cliente\\\/#primaryimage\"},\"thumbnailUrl\":\"http:\\\/\\\/www.baltazar.cl\\\/w3\\\/wp-content\\\/uploads\\\/2015\\\/08\\\/PASAPORTES-300x193.jpg\",\"datePublished\":\"2014-12-23T22:07:39+00:00\",\"dateModified\":\"2015-08-26T16:35:36+00:00\",\"breadcrumb\":{\"@id\":\"https:\\\/\\\/www.baltazar.cl\\\/w3\\\/servicio-al-cliente\\\/#breadcrumb\"},\"inLanguage\":\"es\",\"potentialAction\":[{\"@type\":\"ReadAction\",\"target\":[\"https:\\\/\\\/www.baltazar.cl\\\/w3\\\/servicio-al-cliente\\\/\"]}]},{\"@type\":\"ImageObject\",\"inLanguage\":\"es\",\"@id\":\"https:\\\/\\\/www.baltazar.cl\\\/w3\\\/servicio-al-cliente\\\/#primaryimage\",\"url\":\"https:\\\/\\\/www.baltazar.cl\\\/w3\\\/wp-content\\\/uploads\\\/2015\\\/08\\\/PASAPORTES.jpg\",\"contentUrl\":\"https:\\\/\\\/www.baltazar.cl\\\/w3\\\/wp-content\\\/uploads\\\/2015\\\/08\\\/PASAPORTES.jpg\",\"width\":324,\"height\":208},{\"@type\":\"BreadcrumbList\",\"@id\":\"https:\\\/\\\/www.baltazar.cl\\\/w3\\\/servicio-al-cliente\\\/#breadcrumb\",\"itemListElement\":[{\"@type\":\"ListItem\",\"position\":1,\"name\":\"Portada\",\"item\":\"https:\\\/\\\/www.baltazar.cl\\\/w3\\\/\"},{\"@type\":\"ListItem\",\"position\":2,\"name\":\"Info pasaporte\"}]},{\"@type\":\"WebSite\",\"@id\":\"https:\\\/\\\/www.baltazar.cl\\\/w3\\\/#website\",\"url\":\"https:\\\/\\\/www.baltazar.cl\\\/w3\\\/\",\"name\":\"Baltazar Agencia de turismo\",\"description\":\"Agencia de turismo\",\"potentialAction\":[{\"@type\":\"SearchAction\",\"target\":{\"@type\":\"EntryPoint\",\"urlTemplate\":\"https:\\\/\\\/www.baltazar.cl\\\/w3\\\/?s={search_term_string}\"},\"query-input\":{\"@type\":\"PropertyValueSpecification\",\"valueRequired\":true,\"valueName\":\"search_term_string\"}}],\"inLanguage\":\"es\"}]}<\/script>\n<!-- \/ Yoast SEO plugin. -->","yoast_head_json":{"title":"Info pasaporte - Baltazar Agencia de turismo","robots":{"index":"index","follow":"follow","max-snippet":"max-snippet:-1","max-image-preview":"max-image-preview:large","max-video-preview":"max-video-preview:-1"},"canonical":"https:\/\/www.baltazar.cl\/w3\/servicio-al-cliente\/","og_locale":"es_ES","og_type":"article","og_title":"Info pasaporte - Baltazar Agencia de turismo","og_description":"Informaci\u00f3n de Pasaportes El Pasaporte es el documento oficial de viaje para chilenos, que contiene la identificaci\u00f3n de su titular y se extiende en forma de libreta, v\u00e1lido para ser usado fuera del territorio nacional. Todo chileno que desee viajar al extranjero deber\u00e1 estar en posesi\u00f3n [&hellip;]","og_url":"https:\/\/www.baltazar.cl\/w3\/servicio-al-cliente\/","og_site_name":"Baltazar Agencia de turismo","article_modified_time":"2015-08-26T16:35:36+00:00","og_image":[{"url":"http:\/\/www.baltazar.cl\/w3\/wp-content\/uploads\/2015\/08\/PASAPORTES-300x193.jpg","type":"","width":"","height":""}],"twitter_card":"summary_large_image","twitter_misc":{"Tiempo de lectura":"2 minutos"},"schema":{"@context":"https:\/\/schema.org","@graph":[{"@type":"WebPage","@id":"https:\/\/www.baltazar.cl\/w3\/servicio-al-cliente\/","url":"https:\/\/www.baltazar.cl\/w3\/servicio-al-cliente\/","name":"Info pasaporte - Baltazar Agencia de turismo","isPartOf":{"@id":"https:\/\/www.baltazar.cl\/w3\/#website"},"primaryImageOfPage":{"@id":"https:\/\/www.baltazar.cl\/w3\/servicio-al-cliente\/#primaryimage"},"image":{"@id":"https:\/\/www.baltazar.cl\/w3\/servicio-al-cliente\/#primaryimage"},"thumbnailUrl":"http:\/\/www.baltazar.cl\/w3\/wp-content\/uploads\/2015\/08\/PASAPORTES-300x193.jpg","datePublished":"2014-12-23T22:07:39+00:00","dateModified":"2015-08-26T16:35:36+00:00","breadcrumb":{"@id":"https:\/\/www.baltazar.cl\/w3\/servicio-al-cliente\/#breadcrumb"},"inLanguage":"es","potentialAction":[{"@type":"ReadAction","target":["https:\/\/www.baltazar.cl\/w3\/servicio-al-cliente\/"]}]},{"@type":"ImageObject","inLanguage":"es","@id":"https:\/\/www.baltazar.cl\/w3\/servicio-al-cliente\/#primaryimage","url":"https:\/\/www.baltazar.cl\/w3\/wp-content\/uploads\/2015\/08\/PASAPORTES.jpg","contentUrl":"https:\/\/www.baltazar.cl\/w3\/wp-content\/uploads\/2015\/08\/PASAPORTES.jpg","width":324,"height":208},{"@type":"BreadcrumbList","@id":"https:\/\/www.baltazar.cl\/w3\/servicio-al-cliente\/#breadcrumb","itemListElement":[{"@type":"ListItem","position":1,"name":"Portada","item":"https:\/\/www.baltazar.cl\/w3\/"},{"@type":"ListItem","position":2,"name":"Info pasaporte"}]},{"@type":"WebSite","@id":"https:\/\/www.baltazar.cl\/w3\/#website","url":"https:\/\/www.baltazar.cl\/w3\/","name":"Baltazar Agencia de turismo","description":"Agencia de turismo","potentialAction":[{"@type":"SearchAction","target":{"@type":"EntryPoint","urlTemplate":"https:\/\/www.baltazar.cl\/w3\/?s={search_term_string}"},"query-input":{"@type":"PropertyValueSpecification","valueRequired":true,"valueName":"search_term_string"}}],"inLanguage":"es"}]}},"_links":{"self":[{"href":"https:\/\/www.baltazar.cl\/w3\/wp-json\/wp\/v2\/pages\/3437","targetHints":{"allow":["GET"]}}],"collection":[{"href":"https:\/\/www.baltazar.cl\/w3\/wp-json\/wp\/v2\/pages"}],"about":[{"href":"https:\/\/www.baltazar.cl\/w3\/wp-json\/wp\/v2\/types\/page"}],"author":[{"embeddable":true,"href":"https:\/\/www.baltazar.cl\/w3\/wp-json\/wp\/v2\/users\/1"}],"replies":[{"embeddable":true,"href":"https:\/\/www.baltazar.cl\/w3\/wp-json\/wp\/v2\/comments?post=3437"}],"version-history":[{"count":12,"href":"https:\/\/www.baltazar.cl\/w3\/wp-json\/wp\/v2\/pages\/3437\/revisions"}],"predecessor-version":[{"id":4007,"href":"https:\/\/www.baltazar.cl\/w3\/wp-json\/wp\/v2\/pages\/3437\/revisions\/4007"}],"wp:attachment":[{"href":"https:\/\/www.baltazar.cl\/w3\/wp-json\/wp\/v2\/media?parent=3437"}],"curies":[{"name":"wp","href":"https:\/\/api.w.org\/{rel}","templated":true}]}}