{"id":3402,"date":"2014-12-23T19:55:33","date_gmt":"2014-12-23T19:55:33","guid":{"rendered":"http:\/\/baltazar.thedreamslab.com\/?page_id=3402"},"modified":"2023-08-10T02:54:55","modified_gmt":"2023-08-10T02:54:55","slug":"eventos","status":"publish","type":"page","link":"https:\/\/www.baltazar.cl\/w3\/paquetes\/eventos\/","title":{"rendered":"Eventos"},"content":{"rendered":"<p><strong>BALTAZAR EVENTOS<\/strong><\/p>\n<p><strong>\u00a0<\/strong>A contar del a\u00f1o 2001, y con el objeto de atender los requerimientos\u00a0de la demanda\u00a0 de turismo nacional y producci\u00f3n de congresos o \u00a0eventos, desarrollamos un departamento especializado en atender estas\u00a0necesidades en nuestra regi\u00f3n. En nuestra\u00a0 oferta nos preocupamos\u00a0de mantener una constante supervisi\u00f3n de calidad y profesionalismo\u00a0de las diferentes entidades que participan en los servicios que ofrecemos,\u00a0tales como: hoteles, gu\u00edas tur\u00edsticos, transporte de personas, restaurantes y otros,\u00a0traspasando as\u00ed la garant\u00eda de excelencia en la atenci\u00f3n a nuestros clientes.<\/p>\n<p><a href=\"http:\/\/www.baltazar.cl\/w3\/wp-content\/uploads\/2014\/12\/5.jpg\"><img loading=\"lazy\" decoding=\"async\" class=\"alignnone  wp-image-3813\" src=\"http:\/\/www.baltazar.cl\/w3\/wp-content\/uploads\/2014\/12\/5-300x199.jpg\" alt=\"5\" width=\"136\" height=\"90\" srcset=\"https:\/\/www.baltazar.cl\/w3\/wp-content\/uploads\/2014\/12\/5-300x199.jpg 300w, https:\/\/www.baltazar.cl\/w3\/wp-content\/uploads\/2014\/12\/5-1024x680.jpg 1024w, https:\/\/www.baltazar.cl\/w3\/wp-content\/uploads\/2014\/12\/5-960x638.jpg 960w, https:\/\/www.baltazar.cl\/w3\/wp-content\/uploads\/2014\/12\/5-440x292.jpg 440w, https:\/\/www.baltazar.cl\/w3\/wp-content\/uploads\/2014\/12\/5.jpg 1600w\" sizes=\"auto, (max-width: 136px) 100vw, 136px\" \/><\/a>\u00a0\u00a0<a href=\"http:\/\/www.baltazar.cl\/w3\/wp-content\/uploads\/2014\/12\/6.jpg\"><img loading=\"lazy\" decoding=\"async\" class=\"alignnone  wp-image-3814\" src=\"http:\/\/www.baltazar.cl\/w3\/wp-content\/uploads\/2014\/12\/6.jpg\" alt=\"6\" width=\"123\" height=\"88\" \/><\/a>\u00a0\u00a0<a href=\"http:\/\/www.baltazar.cl\/w3\/wp-content\/uploads\/2014\/12\/3.jpg\"><img loading=\"lazy\" decoding=\"async\" class=\"alignnone  wp-image-3815\" src=\"http:\/\/www.baltazar.cl\/w3\/wp-content\/uploads\/2014\/12\/3-300x160.jpg\" alt=\"3\" width=\"167\" height=\"89\" srcset=\"https:\/\/www.baltazar.cl\/w3\/wp-content\/uploads\/2014\/12\/3-300x160.jpg 300w, https:\/\/www.baltazar.cl\/w3\/wp-content\/uploads\/2014\/12\/3-1024x547.jpg 1024w, https:\/\/www.baltazar.cl\/w3\/wp-content\/uploads\/2014\/12\/3-960x513.jpg 960w, https:\/\/www.baltazar.cl\/w3\/wp-content\/uploads\/2014\/12\/3-440x235.jpg 440w, https:\/\/www.baltazar.cl\/w3\/wp-content\/uploads\/2014\/12\/3.jpg 2048w\" sizes=\"auto, (max-width: 167px) 100vw, 167px\" \/><\/a>\u00a0\u00a0<a href=\"http:\/\/www.baltazar.cl\/w3\/wp-content\/uploads\/2014\/12\/2.jpg\"><img loading=\"lazy\" decoding=\"async\" class=\"alignnone  wp-image-3816\" src=\"http:\/\/www.baltazar.cl\/w3\/wp-content\/uploads\/2014\/12\/2-300x200.jpg\" alt=\"2\" width=\"131\" height=\"87\" srcset=\"https:\/\/www.baltazar.cl\/w3\/wp-content\/uploads\/2014\/12\/2-300x200.jpg 300w, https:\/\/www.baltazar.cl\/w3\/wp-content\/uploads\/2014\/12\/2.jpg 1024w, https:\/\/www.baltazar.cl\/w3\/wp-content\/uploads\/2014\/12\/2-960x640.jpg 960w, https:\/\/www.baltazar.cl\/w3\/wp-content\/uploads\/2014\/12\/2-440x293.jpg 440w\" sizes=\"auto, (max-width: 131px) 100vw, 131px\" \/><\/a>\u00a0\u00a0<a href=\"http:\/\/www.baltazar.cl\/w3\/wp-content\/uploads\/2014\/12\/7.jpg\"><img loading=\"lazy\" decoding=\"async\" class=\"alignnone  wp-image-3832\" src=\"http:\/\/www.baltazar.cl\/w3\/wp-content\/uploads\/2014\/12\/7-300x200.jpg\" alt=\"7\" width=\"133\" height=\"88\" srcset=\"https:\/\/www.baltazar.cl\/w3\/wp-content\/uploads\/2014\/12\/7-300x200.jpg 300w, https:\/\/www.baltazar.cl\/w3\/wp-content\/uploads\/2014\/12\/7-1024x683.jpg 1024w, https:\/\/www.baltazar.cl\/w3\/wp-content\/uploads\/2014\/12\/7-960x640.jpg 960w, https:\/\/www.baltazar.cl\/w3\/wp-content\/uploads\/2014\/12\/7-440x293.jpg 440w, https:\/\/www.baltazar.cl\/w3\/wp-content\/uploads\/2014\/12\/7.jpg 2048w\" sizes=\"auto, (max-width: 133px) 100vw, 133px\" \/><\/a><\/p>\n<p>&nbsp;<\/p>\n<p><strong>EVENTOS ORGANIZADOS<\/strong><\/p>\n<p>&#8211; \u00a0Enero de 2001, Agencia Oficial en el IX foro Internacional de\u00a0Parlamentarios de los pa\u00edses miembros de la convenci\u00f3n\u00a0Asia-Pac\u00edfico, (Foro APPF).<\/p>\n<p>&#8211; \u00a0Septiembre de 2001, Agencia Oficial del 1er Campeonato\u00a0Panamericano Junior de Taekwondo.<\/p>\n<p>&#8211; \u00a0Julio de 2002, Agencia Oficial del VIII Congreso Latinoamericano\u00a0de Estudiantes de Ingenier\u00eda Qu\u00edmica (COLAEIQ).<\/p>\n<p>&#8211; \u00a0Noviembre de 2002, Segundo Campeonato Panamericano de\u00a0Maxibasquetball.<\/p>\n<p>&#8211; \u00a0Mayo de 2003, Congreso de Ling\u00fc\u00edstica, C\u00e1tedra de la UNESCO,\u00a0organizado por la Universidad Cat\u00f3lica de Valpara\u00edso.<\/p>\n<p>&#8211; \u00a0Septiembre de\u00a0 2003,\u00a0\u00a0 XIV Congreso Nacional de \u00d3ptica y\u00a0Contactolog\u00eda as\u00ed como la Primera Feria Nacional de \u00d3ptica.<\/p>\n<p>&#8211; \u00a0Octubre de 2003, IV Congreso Iberoamericano de Ingenier\u00eda de\u00a0Alimentos y el VII Curso Latinoamericano de Bioqu\u00edmica,\u00a0Universidad T\u00e9cnica Federico Santa Mar\u00eda.<\/p>\n<p>&#8211; \u00a0Enero de 2004, se realiz\u00f3 la organizaci\u00f3n del IV Encuentro\u00a0Internacional de Finanzas, coordinado por la Universidad de\u00a0Santiago de Chile.<\/p>\n<p>&#8211; \u00a0Noviembre de 2007, VII Congreso de Archiovolog\u00eda del Mercosur.<\/p>\n<p>&#8211; \u00a0Octubre de 2007, XII Congreso Iberoamericano de Reconocimiento\u00a0de Patrones CIARP.<\/p>\n<p>&#8211; \u00a0Octubre de 2007, Information Security Conference ISC.<\/p>\n<p>&#8211; \u00a0Noviembre de 2008, XLVIII Congreso Chileno de Pediatr\u00eda.<\/p>\n<p>&#8211; \u00a0Mayo 2009, Cumbre Global de Mujeres.<\/p>\n<p>&nbsp;<\/p>\n<p>&nbsp;<\/p>\n<p>Haga sus requerimientos al email\u00a0 <a href=\"mailto:contacto@baltazar.cl\">contacto@baltazar.cl<\/a> y con gusto responderemos a sus Inquietudes y adem\u00e1s le haremos llegar toda la informaci\u00f3n que necesita para organizar su\u00a0evento o congreso.<\/p>\n<p style=\"line-height: 18.0pt;\">\n","protected":false},"excerpt":{"rendered":"<p>BALTAZAR EVENTOS \u00a0A contar del a\u00f1o 2001, y con el objeto de atender los requerimientos\u00a0de la demanda\u00a0 de turismo nacional y producci\u00f3n de congresos o \u00a0eventos, desarrollamos un departamento especializado en atender estas\u00a0necesidades en nuestra regi\u00f3n. En nuestra\u00a0 oferta nos preocupamos\u00a0de mantener una constante supervisi\u00f3n de [&hellip;]<\/p>\n","protected":false},"author":1,"featured_media":4037,"parent":3717,"menu_order":6,"comment_status":"open","ping_status":"open","template":"","meta":{"_bos_mb_destination":[""],"footnotes":""},"class_list":["post-3402","page","type-page","status-publish","has-post-thumbnail","hentry"],"yoast_head":"<!-- This site is optimized with the Yoast SEO plugin v27.3 - https:\/\/yoast.com\/product\/yoast-seo-wordpress\/ -->\n<title>Eventos - Baltazar Agencia de turismo<\/title>\n<meta name=\"robots\" content=\"index, follow, max-snippet:-1, max-image-preview:large, max-video-preview:-1\" \/>\n<link rel=\"canonical\" href=\"https:\/\/www.baltazar.cl\/w3\/paquetes\/eventos\/\" \/>\n<meta property=\"og:locale\" content=\"es_ES\" \/>\n<meta property=\"og:type\" content=\"article\" \/>\n<meta property=\"og:title\" content=\"Eventos - Baltazar Agencia de turismo\" \/>\n<meta property=\"og:description\" content=\"BALTAZAR EVENTOS \u00a0A contar del a\u00f1o 2001, y con el objeto de atender los requerimientos\u00a0de la demanda\u00a0 de turismo nacional y producci\u00f3n de congresos o \u00a0eventos, desarrollamos un departamento especializado en atender estas\u00a0necesidades en nuestra regi\u00f3n. En nuestra\u00a0 oferta nos preocupamos\u00a0de mantener una constante supervisi\u00f3n de [&hellip;]\" \/>\n<meta property=\"og:url\" content=\"https:\/\/www.baltazar.cl\/w3\/paquetes\/eventos\/\" \/>\n<meta property=\"og:site_name\" content=\"Baltazar Agencia de turismo\" \/>\n<meta property=\"article:modified_time\" content=\"2023-08-10T02:54:55+00:00\" \/>\n<meta property=\"og:image\" content=\"https:\/\/www.baltazar.cl\/w3\/wp-content\/uploads\/2014\/12\/EVENTO_CORPORATIVO_GOLF_TRAVEL_MARKET.jpg\" \/>\n\t<meta property=\"og:image:width\" content=\"1200\" \/>\n\t<meta property=\"og:image:height\" content=\"800\" \/>\n\t<meta property=\"og:image:type\" content=\"image\/jpeg\" \/>\n<meta name=\"twitter:card\" content=\"summary_large_image\" \/>\n<meta name=\"twitter:label1\" content=\"Tiempo de lectura\" \/>\n\t<meta name=\"twitter:data1\" content=\"2 minutos\" \/>\n<script type=\"application\/ld+json\" class=\"yoast-schema-graph\">{\"@context\":\"https:\\\/\\\/schema.org\",\"@graph\":[{\"@type\":\"WebPage\",\"@id\":\"https:\\\/\\\/www.baltazar.cl\\\/w3\\\/paquetes\\\/eventos\\\/\",\"url\":\"https:\\\/\\\/www.baltazar.cl\\\/w3\\\/paquetes\\\/eventos\\\/\",\"name\":\"Eventos - Baltazar Agencia de turismo\",\"isPartOf\":{\"@id\":\"https:\\\/\\\/www.baltazar.cl\\\/w3\\\/#website\"},\"primaryImageOfPage\":{\"@id\":\"https:\\\/\\\/www.baltazar.cl\\\/w3\\\/paquetes\\\/eventos\\\/#primaryimage\"},\"image\":{\"@id\":\"https:\\\/\\\/www.baltazar.cl\\\/w3\\\/paquetes\\\/eventos\\\/#primaryimage\"},\"thumbnailUrl\":\"https:\\\/\\\/www.baltazar.cl\\\/w3\\\/wp-content\\\/uploads\\\/2014\\\/12\\\/EVENTO_CORPORATIVO_GOLF_TRAVEL_MARKET.jpg\",\"datePublished\":\"2014-12-23T19:55:33+00:00\",\"dateModified\":\"2023-08-10T02:54:55+00:00\",\"breadcrumb\":{\"@id\":\"https:\\\/\\\/www.baltazar.cl\\\/w3\\\/paquetes\\\/eventos\\\/#breadcrumb\"},\"inLanguage\":\"es\",\"potentialAction\":[{\"@type\":\"ReadAction\",\"target\":[\"https:\\\/\\\/www.baltazar.cl\\\/w3\\\/paquetes\\\/eventos\\\/\"]}]},{\"@type\":\"ImageObject\",\"inLanguage\":\"es\",\"@id\":\"https:\\\/\\\/www.baltazar.cl\\\/w3\\\/paquetes\\\/eventos\\\/#primaryimage\",\"url\":\"https:\\\/\\\/www.baltazar.cl\\\/w3\\\/wp-content\\\/uploads\\\/2014\\\/12\\\/EVENTO_CORPORATIVO_GOLF_TRAVEL_MARKET.jpg\",\"contentUrl\":\"https:\\\/\\\/www.baltazar.cl\\\/w3\\\/wp-content\\\/uploads\\\/2014\\\/12\\\/EVENTO_CORPORATIVO_GOLF_TRAVEL_MARKET.jpg\",\"width\":1200,\"height\":800},{\"@type\":\"BreadcrumbList\",\"@id\":\"https:\\\/\\\/www.baltazar.cl\\\/w3\\\/paquetes\\\/eventos\\\/#breadcrumb\",\"itemListElement\":[{\"@type\":\"ListItem\",\"position\":1,\"name\":\"Portada\",\"item\":\"https:\\\/\\\/www.baltazar.cl\\\/w3\\\/\"},{\"@type\":\"ListItem\",\"position\":2,\"name\":\"Paquetes turisticos\",\"item\":\"https:\\\/\\\/www.baltazar.cl\\\/w3\\\/paquetes\\\/\"},{\"@type\":\"ListItem\",\"position\":3,\"name\":\"Eventos\"}]},{\"@type\":\"WebSite\",\"@id\":\"https:\\\/\\\/www.baltazar.cl\\\/w3\\\/#website\",\"url\":\"https:\\\/\\\/www.baltazar.cl\\\/w3\\\/\",\"name\":\"Baltazar Agencia de turismo\",\"description\":\"Agencia de turismo\",\"potentialAction\":[{\"@type\":\"SearchAction\",\"target\":{\"@type\":\"EntryPoint\",\"urlTemplate\":\"https:\\\/\\\/www.baltazar.cl\\\/w3\\\/?s={search_term_string}\"},\"query-input\":{\"@type\":\"PropertyValueSpecification\",\"valueRequired\":true,\"valueName\":\"search_term_string\"}}],\"inLanguage\":\"es\"}]}<\/script>\n<!-- \/ Yoast SEO plugin. -->","yoast_head_json":{"title":"Eventos - Baltazar Agencia de turismo","robots":{"index":"index","follow":"follow","max-snippet":"max-snippet:-1","max-image-preview":"max-image-preview:large","max-video-preview":"max-video-preview:-1"},"canonical":"https:\/\/www.baltazar.cl\/w3\/paquetes\/eventos\/","og_locale":"es_ES","og_type":"article","og_title":"Eventos - Baltazar Agencia de turismo","og_description":"BALTAZAR EVENTOS \u00a0A contar del a\u00f1o 2001, y con el objeto de atender los requerimientos\u00a0de la demanda\u00a0 de turismo nacional y producci\u00f3n de congresos o \u00a0eventos, desarrollamos un departamento especializado en atender estas\u00a0necesidades en nuestra regi\u00f3n. En nuestra\u00a0 oferta nos preocupamos\u00a0de mantener una constante supervisi\u00f3n de [&hellip;]","og_url":"https:\/\/www.baltazar.cl\/w3\/paquetes\/eventos\/","og_site_name":"Baltazar Agencia de turismo","article_modified_time":"2023-08-10T02:54:55+00:00","og_image":[{"width":1200,"height":800,"url":"https:\/\/www.baltazar.cl\/w3\/wp-content\/uploads\/2014\/12\/EVENTO_CORPORATIVO_GOLF_TRAVEL_MARKET.jpg","type":"image\/jpeg"}],"twitter_card":"summary_large_image","twitter_misc":{"Tiempo de lectura":"2 minutos"},"schema":{"@context":"https:\/\/schema.org","@graph":[{"@type":"WebPage","@id":"https:\/\/www.baltazar.cl\/w3\/paquetes\/eventos\/","url":"https:\/\/www.baltazar.cl\/w3\/paquetes\/eventos\/","name":"Eventos - Baltazar Agencia de turismo","isPartOf":{"@id":"https:\/\/www.baltazar.cl\/w3\/#website"},"primaryImageOfPage":{"@id":"https:\/\/www.baltazar.cl\/w3\/paquetes\/eventos\/#primaryimage"},"image":{"@id":"https:\/\/www.baltazar.cl\/w3\/paquetes\/eventos\/#primaryimage"},"thumbnailUrl":"https:\/\/www.baltazar.cl\/w3\/wp-content\/uploads\/2014\/12\/EVENTO_CORPORATIVO_GOLF_TRAVEL_MARKET.jpg","datePublished":"2014-12-23T19:55:33+00:00","dateModified":"2023-08-10T02:54:55+00:00","breadcrumb":{"@id":"https:\/\/www.baltazar.cl\/w3\/paquetes\/eventos\/#breadcrumb"},"inLanguage":"es","potentialAction":[{"@type":"ReadAction","target":["https:\/\/www.baltazar.cl\/w3\/paquetes\/eventos\/"]}]},{"@type":"ImageObject","inLanguage":"es","@id":"https:\/\/www.baltazar.cl\/w3\/paquetes\/eventos\/#primaryimage","url":"https:\/\/www.baltazar.cl\/w3\/wp-content\/uploads\/2014\/12\/EVENTO_CORPORATIVO_GOLF_TRAVEL_MARKET.jpg","contentUrl":"https:\/\/www.baltazar.cl\/w3\/wp-content\/uploads\/2014\/12\/EVENTO_CORPORATIVO_GOLF_TRAVEL_MARKET.jpg","width":1200,"height":800},{"@type":"BreadcrumbList","@id":"https:\/\/www.baltazar.cl\/w3\/paquetes\/eventos\/#breadcrumb","itemListElement":[{"@type":"ListItem","position":1,"name":"Portada","item":"https:\/\/www.baltazar.cl\/w3\/"},{"@type":"ListItem","position":2,"name":"Paquetes turisticos","item":"https:\/\/www.baltazar.cl\/w3\/paquetes\/"},{"@type":"ListItem","position":3,"name":"Eventos"}]},{"@type":"WebSite","@id":"https:\/\/www.baltazar.cl\/w3\/#website","url":"https:\/\/www.baltazar.cl\/w3\/","name":"Baltazar Agencia de turismo","description":"Agencia de turismo","potentialAction":[{"@type":"SearchAction","target":{"@type":"EntryPoint","urlTemplate":"https:\/\/www.baltazar.cl\/w3\/?s={search_term_string}"},"query-input":{"@type":"PropertyValueSpecification","valueRequired":true,"valueName":"search_term_string"}}],"inLanguage":"es"}]}},"_links":{"self":[{"href":"https:\/\/www.baltazar.cl\/w3\/wp-json\/wp\/v2\/pages\/3402","targetHints":{"allow":["GET"]}}],"collection":[{"href":"https:\/\/www.baltazar.cl\/w3\/wp-json\/wp\/v2\/pages"}],"about":[{"href":"https:\/\/www.baltazar.cl\/w3\/wp-json\/wp\/v2\/types\/page"}],"author":[{"embeddable":true,"href":"https:\/\/www.baltazar.cl\/w3\/wp-json\/wp\/v2\/users\/1"}],"replies":[{"embeddable":true,"href":"https:\/\/www.baltazar.cl\/w3\/wp-json\/wp\/v2\/comments?post=3402"}],"version-history":[{"count":17,"href":"https:\/\/www.baltazar.cl\/w3\/wp-json\/wp\/v2\/pages\/3402\/revisions"}],"predecessor-version":[{"id":4939,"href":"https:\/\/www.baltazar.cl\/w3\/wp-json\/wp\/v2\/pages\/3402\/revisions\/4939"}],"up":[{"embeddable":true,"href":"https:\/\/www.baltazar.cl\/w3\/wp-json\/wp\/v2\/pages\/3717"}],"wp:featuredmedia":[{"embeddable":true,"href":"https:\/\/www.baltazar.cl\/w3\/wp-json\/wp\/v2\/media\/4037"}],"wp:attachment":[{"href":"https:\/\/www.baltazar.cl\/w3\/wp-json\/wp\/v2\/media?parent=3402"}],"curies":[{"name":"wp","href":"https:\/\/api.w.org\/{rel}","templated":true}]}}