{"id":3369,"date":"2014-12-18T23:19:12","date_gmt":"2014-12-18T23:19:12","guid":{"rendered":"http:\/\/baltazar.thedreamslab.com\/?page_id=3369"},"modified":"2024-04-22T19:04:15","modified_gmt":"2024-04-22T19:04:15","slug":"nuestra-empresa","status":"publish","type":"page","link":"https:\/\/www.baltazar.cl\/w3\/nuestra-empresa\/","title":{"rendered":"Nuestra empresa"},"content":{"rendered":"<p><strong>\u00a0 \u00a0 \u00a0 \u00a0\u00a0<\/strong><\/p>\n<p><strong>Baltazar Turismo \u00a0S.A.<\/strong>, empresa familiar que esta\u00a0presente en el mercado\u00a0tur\u00edstico desde 1988, poseedores\u00a0de un alto prestigio , profesionalismo y calidad en nuestra\u00a0gesti\u00f3n , atenci\u00f3n especializada en todo tipo de productos\u00a0de viajes \u00a0y asesor\u00edas integrales de turismo.\u00a0Nuestra casa\u00a0matriz se encuentra ubicada en la ciudad de Vi\u00f1a del Mar,\u00a0donde posee su centro de operaciones.<\/p>\n<p><strong>Somos una agencia IATA y miembro activo de ACHET. \u00a0\u00a0<\/strong><\/p>\n<p><a href=\"http:\/\/www.baltazar.cl\/w3\/wp-content\/uploads\/2015\/01\/paris.jpg\"><img loading=\"lazy\" decoding=\"async\" class=\"alignnone  wp-image-3529\" src=\"http:\/\/www.baltazar.cl\/w3\/wp-content\/uploads\/2015\/01\/paris-300x200.jpg\" alt=\"paris\" width=\"129\" height=\"85\" srcset=\"https:\/\/www.baltazar.cl\/w3\/wp-content\/uploads\/2015\/01\/paris-300x200.jpg 300w, https:\/\/www.baltazar.cl\/w3\/wp-content\/uploads\/2015\/01\/paris.jpg 1024w, https:\/\/www.baltazar.cl\/w3\/wp-content\/uploads\/2015\/01\/paris-960x639.jpg 960w, https:\/\/www.baltazar.cl\/w3\/wp-content\/uploads\/2015\/01\/paris-440x293.jpg 440w\" sizes=\"auto, (max-width: 129px) 100vw, 129px\" \/><\/a> <a href=\"http:\/\/www.baltazar.cl\/w3\/wp-content\/uploads\/2015\/08\/PUNTA-CANA.jpg\"><img loading=\"lazy\" decoding=\"async\" class=\"alignnone  wp-image-3930\" src=\"http:\/\/www.baltazar.cl\/w3\/wp-content\/uploads\/2015\/08\/PUNTA-CANA-300x181.jpg\" alt=\"PUNTA CANA\" width=\"140\" height=\"85\" srcset=\"https:\/\/www.baltazar.cl\/w3\/wp-content\/uploads\/2015\/08\/PUNTA-CANA-300x181.jpg 300w, https:\/\/www.baltazar.cl\/w3\/wp-content\/uploads\/2015\/08\/PUNTA-CANA-1024x619.jpg 1024w, https:\/\/www.baltazar.cl\/w3\/wp-content\/uploads\/2015\/08\/PUNTA-CANA-960x580.jpg 960w, https:\/\/www.baltazar.cl\/w3\/wp-content\/uploads\/2015\/08\/PUNTA-CANA-440x266.jpg 440w, https:\/\/www.baltazar.cl\/w3\/wp-content\/uploads\/2015\/08\/PUNTA-CANA.jpg 2048w\" sizes=\"auto, (max-width: 140px) 100vw, 140px\" \/><\/a>\u00a0<a href=\"http:\/\/www.baltazar.cl\/w3\/wp-content\/uploads\/2014\/12\/CASCADA.jpg\"><img loading=\"lazy\" decoding=\"async\" class=\"alignnone  wp-image-3680\" src=\"http:\/\/www.baltazar.cl\/w3\/wp-content\/uploads\/2014\/12\/CASCADA-300x168.jpg\" alt=\"CASCADA\" width=\"152\" height=\"85\" \/><\/a>\u00a0<a href=\"http:\/\/www.baltazar.cl\/w3\/wp-content\/uploads\/2014\/12\/BUCEO.jpg\"><img loading=\"lazy\" decoding=\"async\" class=\"alignnone  wp-image-3682\" src=\"http:\/\/www.baltazar.cl\/w3\/wp-content\/uploads\/2014\/12\/BUCEO.jpg\" alt=\"BUCEO\" width=\"128\" height=\"85\" \/><\/a>\u00a0<a href=\"http:\/\/www.baltazar.cl\/w3\/wp-content\/uploads\/2015\/07\/isla-de-pascua.jpg\"><img loading=\"lazy\" decoding=\"async\" class=\"alignnone  wp-image-3631\" src=\"http:\/\/www.baltazar.cl\/w3\/wp-content\/uploads\/2015\/07\/isla-de-pascua-300x251.jpg\" alt=\"isla de pascua\" width=\"105\" height=\"87\" srcset=\"https:\/\/www.baltazar.cl\/w3\/wp-content\/uploads\/2015\/07\/isla-de-pascua-300x251.jpg 300w, https:\/\/www.baltazar.cl\/w3\/wp-content\/uploads\/2015\/07\/isla-de-pascua-1024x855.jpg 1024w, https:\/\/www.baltazar.cl\/w3\/wp-content\/uploads\/2015\/07\/isla-de-pascua-560x460.jpg 560w, https:\/\/www.baltazar.cl\/w3\/wp-content\/uploads\/2015\/07\/isla-de-pascua-960x802.jpg 960w, https:\/\/www.baltazar.cl\/w3\/wp-content\/uploads\/2015\/07\/isla-de-pascua-440x367.jpg 440w, https:\/\/www.baltazar.cl\/w3\/wp-content\/uploads\/2015\/07\/isla-de-pascua.jpg 1516w\" sizes=\"auto, (max-width: 105px) 100vw, 105px\" \/><\/a>\u00a0<a href=\"http:\/\/www.baltazar.cl\/w3\/wp-content\/uploads\/2015\/01\/peru-1.jpg\"><img loading=\"lazy\" decoding=\"async\" class=\"alignnone  wp-image-3530\" src=\"http:\/\/www.baltazar.cl\/w3\/wp-content\/uploads\/2015\/01\/peru-1-300x225.jpg\" alt=\"peru 1\" width=\"111\" height=\"83\" srcset=\"https:\/\/www.baltazar.cl\/w3\/wp-content\/uploads\/2015\/01\/peru-1-300x225.jpg 300w, https:\/\/www.baltazar.cl\/w3\/wp-content\/uploads\/2015\/01\/peru-1.jpg 1024w, https:\/\/www.baltazar.cl\/w3\/wp-content\/uploads\/2015\/01\/peru-1-960x720.jpg 960w, https:\/\/www.baltazar.cl\/w3\/wp-content\/uploads\/2015\/01\/peru-1-440x330.jpg 440w\" sizes=\"auto, (max-width: 111px) 100vw, 111px\" \/><\/a>\u00a0<a href=\"http:\/\/www.baltazar.cl\/w3\/wp-content\/uploads\/2015\/08\/CRUCERO-ROYAL-CARIBEEAN.jpg\"><img loading=\"lazy\" decoding=\"async\" class=\"alignnone  wp-image-3934\" src=\"http:\/\/www.baltazar.cl\/w3\/wp-content\/uploads\/2015\/08\/CRUCERO-ROYAL-CARIBEEAN-300x200.jpg\" alt=\"CRUCERO ROYAL CARIBEEAN\" width=\"126\" height=\"84\" srcset=\"https:\/\/www.baltazar.cl\/w3\/wp-content\/uploads\/2015\/08\/CRUCERO-ROYAL-CARIBEEAN-300x200.jpg 300w, https:\/\/www.baltazar.cl\/w3\/wp-content\/uploads\/2015\/08\/CRUCERO-ROYAL-CARIBEEAN-1024x684.jpg 1024w, https:\/\/www.baltazar.cl\/w3\/wp-content\/uploads\/2015\/08\/CRUCERO-ROYAL-CARIBEEAN-960x641.jpg 960w, https:\/\/www.baltazar.cl\/w3\/wp-content\/uploads\/2015\/08\/CRUCERO-ROYAL-CARIBEEAN-440x294.jpg 440w, https:\/\/www.baltazar.cl\/w3\/wp-content\/uploads\/2015\/08\/CRUCERO-ROYAL-CARIBEEAN.jpg 2048w\" sizes=\"auto, (max-width: 126px) 100vw, 126px\" \/><\/a><\/p>\n<p>&nbsp;<\/p>\n<p><a href=\"http:\/\/www.baltazar.cl\/w3\/wp-content\/uploads\/2015\/01\/Chonos-Rafael-52.jpg\"><img loading=\"lazy\" decoding=\"async\" class=\"alignnone  wp-image-3534\" src=\"http:\/\/www.baltazar.cl\/w3\/wp-content\/uploads\/2015\/01\/Chonos-Rafael-52-300x200.jpg\" alt=\"Chonos-Rafael-52\" width=\"165\" height=\"110\" srcset=\"https:\/\/www.baltazar.cl\/w3\/wp-content\/uploads\/2015\/01\/Chonos-Rafael-52-300x200.jpg 300w, https:\/\/www.baltazar.cl\/w3\/wp-content\/uploads\/2015\/01\/Chonos-Rafael-52.jpg 1024w, https:\/\/www.baltazar.cl\/w3\/wp-content\/uploads\/2015\/01\/Chonos-Rafael-52-960x640.jpg 960w, https:\/\/www.baltazar.cl\/w3\/wp-content\/uploads\/2015\/01\/Chonos-Rafael-52-440x293.jpg 440w\" sizes=\"auto, (max-width: 165px) 100vw, 165px\" \/><\/a><\/p>\n<p>&nbsp;<\/p>\n<p><strong>NUESTROS SERVICIOS<\/strong><\/p>\n<ul>\n<li>Pasajes a\u00e9reos en ruta nacional e internacional en todas las l\u00edneas a\u00e9reas.<\/li>\n<li>Programas tur\u00edsticos regionales,\u00a0 nacionales e internacionales.<\/li>\n<li>Cruceros Mar\u00edtimos.<\/li>\n<li>Paquetes a la medida de sus necesidades.<\/li>\n<li>Viajes individuales y Grupales.<\/li>\n<li>Traslados desde y hacia aeropuertos nacional e internacional.<\/li>\n<li>Pasajes de trenes.<\/li>\n<li>Viajes de estudio.<\/li>\n<li>Tramitaci\u00f3n de visas.<\/li>\n<li>Tarjetas de asistencia en viaje (incluye cobertura de seguro m\u00e9dico).<\/li>\n<li>Financiamiento.<\/li>\n<li>Atenci\u00f3n de emergencias \u00a024 \u00a0x 7<\/li>\n<\/ul>\n<p>&nbsp;<\/p>\n<p><strong>ACREDITACIONES<\/strong><\/p>\n<p><strong>IATA<\/strong>\u00a0 International Air Transport Association<\/p>\n<p>Asociaci\u00f3n que agrupa a las principales lineas a\u00e9reas del mundo y acredita solamente a aquellas Agencias de Viajes que logren cumplir estrictos estandares financieros y profesionales necesarios para el desarrollo de esta actividad , realizando evaluaciones peri\u00f3dicas a sus asociados.<\/p>\n<p><strong>ACHET <\/strong>Asociaci\u00f3n gremial de Empresas de Turismo<\/p>\n<p>Asociaci\u00f3n Gremial que re\u00fane a las principales Agencias de Viajes de Chile, regulando el desarrollo de las actividades mediante el cumplimiento del reglamento de disciplina y \u00e9tica profesional.<\/p>\n<p><strong>CONVENIO MARCO \u00a0<\/strong>Acreditados como proveedores de Convenio Marco para entidades P\u00fablicas (Mercadopublico.cl) desde el a\u00f1o 2011.<\/p>\n<p>&nbsp;<\/p>\n<p><strong>RECURSOS<\/strong><\/p>\n<ul>\n<li>Reservas automatizadas en sistema SABRE, en linea con las principales compa\u00f1\u00edas a\u00e9reas, hoteles y empresas de arriendo de autom\u00f3viles del mundo.<\/li>\n<li>Atenci\u00f3n personalizada por ejecutivas profesionales y con amplia experiencia en el rubro del turismo para\u00a0\u00a0necesidades de viajes tanto vacacionales como \u00a0corporativos.<\/li>\n<\/ul>\n<p>&nbsp;<\/p>\n","protected":false},"excerpt":{"rendered":"<p>\u00a0 \u00a0 \u00a0 \u00a0\u00a0 Baltazar Turismo \u00a0S.A., empresa familiar que esta\u00a0presente en el mercado\u00a0tur\u00edstico desde 1988, poseedores\u00a0de un alto prestigio , profesionalismo y calidad en nuestra\u00a0gesti\u00f3n , atenci\u00f3n especializada en todo tipo de productos\u00a0de viajes \u00a0y asesor\u00edas integrales de turismo.\u00a0Nuestra casa\u00a0matriz se encuentra ubicada en la [&hellip;]<\/p>\n","protected":false},"author":1,"featured_media":0,"parent":0,"menu_order":0,"comment_status":"open","ping_status":"open","template":"","meta":{"_bos_mb_destination":[""],"footnotes":""},"class_list":["post-3369","page","type-page","status-publish","hentry"],"yoast_head":"<!-- This site is optimized with the Yoast SEO plugin v27.3 - https:\/\/yoast.com\/product\/yoast-seo-wordpress\/ -->\n<title>Nuestra empresa - Baltazar Agencia de turismo<\/title>\n<meta name=\"robots\" content=\"index, follow, max-snippet:-1, max-image-preview:large, max-video-preview:-1\" \/>\n<link rel=\"canonical\" href=\"https:\/\/www.baltazar.cl\/w3\/nuestra-empresa\/\" \/>\n<meta property=\"og:locale\" content=\"es_ES\" \/>\n<meta property=\"og:type\" content=\"article\" \/>\n<meta property=\"og:title\" content=\"Nuestra empresa - Baltazar Agencia de turismo\" \/>\n<meta property=\"og:description\" content=\"\u00a0 \u00a0 \u00a0 \u00a0\u00a0 Baltazar Turismo \u00a0S.A., empresa familiar que esta\u00a0presente en el mercado\u00a0tur\u00edstico desde 1988, poseedores\u00a0de un alto prestigio , profesionalismo y calidad en nuestra\u00a0gesti\u00f3n , atenci\u00f3n especializada en todo tipo de productos\u00a0de viajes \u00a0y asesor\u00edas integrales de turismo.\u00a0Nuestra casa\u00a0matriz se encuentra ubicada en la [&hellip;]\" \/>\n<meta property=\"og:url\" content=\"https:\/\/www.baltazar.cl\/w3\/nuestra-empresa\/\" \/>\n<meta property=\"og:site_name\" content=\"Baltazar Agencia de turismo\" \/>\n<meta property=\"article:modified_time\" content=\"2024-04-22T19:04:15+00:00\" \/>\n<meta property=\"og:image\" content=\"http:\/\/www.baltazar.cl\/w3\/wp-content\/uploads\/2015\/01\/paris-300x200.jpg\" \/>\n<meta name=\"twitter:card\" content=\"summary_large_image\" \/>\n<meta name=\"twitter:label1\" content=\"Tiempo de lectura\" \/>\n\t<meta name=\"twitter:data1\" content=\"2 minutos\" \/>\n<script type=\"application\/ld+json\" class=\"yoast-schema-graph\">{\"@context\":\"https:\\\/\\\/schema.org\",\"@graph\":[{\"@type\":\"WebPage\",\"@id\":\"https:\\\/\\\/www.baltazar.cl\\\/w3\\\/nuestra-empresa\\\/\",\"url\":\"https:\\\/\\\/www.baltazar.cl\\\/w3\\\/nuestra-empresa\\\/\",\"name\":\"Nuestra empresa - Baltazar Agencia de turismo\",\"isPartOf\":{\"@id\":\"https:\\\/\\\/www.baltazar.cl\\\/w3\\\/#website\"},\"primaryImageOfPage\":{\"@id\":\"https:\\\/\\\/www.baltazar.cl\\\/w3\\\/nuestra-empresa\\\/#primaryimage\"},\"image\":{\"@id\":\"https:\\\/\\\/www.baltazar.cl\\\/w3\\\/nuestra-empresa\\\/#primaryimage\"},\"thumbnailUrl\":\"http:\\\/\\\/www.baltazar.cl\\\/w3\\\/wp-content\\\/uploads\\\/2015\\\/01\\\/paris-300x200.jpg\",\"datePublished\":\"2014-12-18T23:19:12+00:00\",\"dateModified\":\"2024-04-22T19:04:15+00:00\",\"breadcrumb\":{\"@id\":\"https:\\\/\\\/www.baltazar.cl\\\/w3\\\/nuestra-empresa\\\/#breadcrumb\"},\"inLanguage\":\"es\",\"potentialAction\":[{\"@type\":\"ReadAction\",\"target\":[\"https:\\\/\\\/www.baltazar.cl\\\/w3\\\/nuestra-empresa\\\/\"]}]},{\"@type\":\"ImageObject\",\"inLanguage\":\"es\",\"@id\":\"https:\\\/\\\/www.baltazar.cl\\\/w3\\\/nuestra-empresa\\\/#primaryimage\",\"url\":\"https:\\\/\\\/www.baltazar.cl\\\/w3\\\/wp-content\\\/uploads\\\/2015\\\/01\\\/paris.jpg\",\"contentUrl\":\"https:\\\/\\\/www.baltazar.cl\\\/w3\\\/wp-content\\\/uploads\\\/2015\\\/01\\\/paris.jpg\",\"width\":1024,\"height\":682},{\"@type\":\"BreadcrumbList\",\"@id\":\"https:\\\/\\\/www.baltazar.cl\\\/w3\\\/nuestra-empresa\\\/#breadcrumb\",\"itemListElement\":[{\"@type\":\"ListItem\",\"position\":1,\"name\":\"Portada\",\"item\":\"https:\\\/\\\/www.baltazar.cl\\\/w3\\\/\"},{\"@type\":\"ListItem\",\"position\":2,\"name\":\"Nuestra empresa\"}]},{\"@type\":\"WebSite\",\"@id\":\"https:\\\/\\\/www.baltazar.cl\\\/w3\\\/#website\",\"url\":\"https:\\\/\\\/www.baltazar.cl\\\/w3\\\/\",\"name\":\"Baltazar Agencia de turismo\",\"description\":\"Agencia de turismo\",\"potentialAction\":[{\"@type\":\"SearchAction\",\"target\":{\"@type\":\"EntryPoint\",\"urlTemplate\":\"https:\\\/\\\/www.baltazar.cl\\\/w3\\\/?s={search_term_string}\"},\"query-input\":{\"@type\":\"PropertyValueSpecification\",\"valueRequired\":true,\"valueName\":\"search_term_string\"}}],\"inLanguage\":\"es\"}]}<\/script>\n<!-- \/ Yoast SEO plugin. -->","yoast_head_json":{"title":"Nuestra empresa - Baltazar Agencia de turismo","robots":{"index":"index","follow":"follow","max-snippet":"max-snippet:-1","max-image-preview":"max-image-preview:large","max-video-preview":"max-video-preview:-1"},"canonical":"https:\/\/www.baltazar.cl\/w3\/nuestra-empresa\/","og_locale":"es_ES","og_type":"article","og_title":"Nuestra empresa - Baltazar Agencia de turismo","og_description":"\u00a0 \u00a0 \u00a0 \u00a0\u00a0 Baltazar Turismo \u00a0S.A., empresa familiar que esta\u00a0presente en el mercado\u00a0tur\u00edstico desde 1988, poseedores\u00a0de un alto prestigio , profesionalismo y calidad en nuestra\u00a0gesti\u00f3n , atenci\u00f3n especializada en todo tipo de productos\u00a0de viajes \u00a0y asesor\u00edas integrales de turismo.\u00a0Nuestra casa\u00a0matriz se encuentra ubicada en la [&hellip;]","og_url":"https:\/\/www.baltazar.cl\/w3\/nuestra-empresa\/","og_site_name":"Baltazar Agencia de turismo","article_modified_time":"2024-04-22T19:04:15+00:00","og_image":[{"url":"http:\/\/www.baltazar.cl\/w3\/wp-content\/uploads\/2015\/01\/paris-300x200.jpg","type":"","width":"","height":""}],"twitter_card":"summary_large_image","twitter_misc":{"Tiempo de lectura":"2 minutos"},"schema":{"@context":"https:\/\/schema.org","@graph":[{"@type":"WebPage","@id":"https:\/\/www.baltazar.cl\/w3\/nuestra-empresa\/","url":"https:\/\/www.baltazar.cl\/w3\/nuestra-empresa\/","name":"Nuestra empresa - Baltazar Agencia de turismo","isPartOf":{"@id":"https:\/\/www.baltazar.cl\/w3\/#website"},"primaryImageOfPage":{"@id":"https:\/\/www.baltazar.cl\/w3\/nuestra-empresa\/#primaryimage"},"image":{"@id":"https:\/\/www.baltazar.cl\/w3\/nuestra-empresa\/#primaryimage"},"thumbnailUrl":"http:\/\/www.baltazar.cl\/w3\/wp-content\/uploads\/2015\/01\/paris-300x200.jpg","datePublished":"2014-12-18T23:19:12+00:00","dateModified":"2024-04-22T19:04:15+00:00","breadcrumb":{"@id":"https:\/\/www.baltazar.cl\/w3\/nuestra-empresa\/#breadcrumb"},"inLanguage":"es","potentialAction":[{"@type":"ReadAction","target":["https:\/\/www.baltazar.cl\/w3\/nuestra-empresa\/"]}]},{"@type":"ImageObject","inLanguage":"es","@id":"https:\/\/www.baltazar.cl\/w3\/nuestra-empresa\/#primaryimage","url":"https:\/\/www.baltazar.cl\/w3\/wp-content\/uploads\/2015\/01\/paris.jpg","contentUrl":"https:\/\/www.baltazar.cl\/w3\/wp-content\/uploads\/2015\/01\/paris.jpg","width":1024,"height":682},{"@type":"BreadcrumbList","@id":"https:\/\/www.baltazar.cl\/w3\/nuestra-empresa\/#breadcrumb","itemListElement":[{"@type":"ListItem","position":1,"name":"Portada","item":"https:\/\/www.baltazar.cl\/w3\/"},{"@type":"ListItem","position":2,"name":"Nuestra empresa"}]},{"@type":"WebSite","@id":"https:\/\/www.baltazar.cl\/w3\/#website","url":"https:\/\/www.baltazar.cl\/w3\/","name":"Baltazar Agencia de turismo","description":"Agencia de turismo","potentialAction":[{"@type":"SearchAction","target":{"@type":"EntryPoint","urlTemplate":"https:\/\/www.baltazar.cl\/w3\/?s={search_term_string}"},"query-input":{"@type":"PropertyValueSpecification","valueRequired":true,"valueName":"search_term_string"}}],"inLanguage":"es"}]}},"_links":{"self":[{"href":"https:\/\/www.baltazar.cl\/w3\/wp-json\/wp\/v2\/pages\/3369","targetHints":{"allow":["GET"]}}],"collection":[{"href":"https:\/\/www.baltazar.cl\/w3\/wp-json\/wp\/v2\/pages"}],"about":[{"href":"https:\/\/www.baltazar.cl\/w3\/wp-json\/wp\/v2\/types\/page"}],"author":[{"embeddable":true,"href":"https:\/\/www.baltazar.cl\/w3\/wp-json\/wp\/v2\/users\/1"}],"replies":[{"embeddable":true,"href":"https:\/\/www.baltazar.cl\/w3\/wp-json\/wp\/v2\/comments?post=3369"}],"version-history":[{"count":23,"href":"https:\/\/www.baltazar.cl\/w3\/wp-json\/wp\/v2\/pages\/3369\/revisions"}],"predecessor-version":[{"id":4956,"href":"https:\/\/www.baltazar.cl\/w3\/wp-json\/wp\/v2\/pages\/3369\/revisions\/4956"}],"wp:attachment":[{"href":"https:\/\/www.baltazar.cl\/w3\/wp-json\/wp\/v2\/media?parent=3369"}],"curies":[{"name":"wp","href":"https:\/\/api.w.org\/{rel}","templated":true}]}}