{"id":3093,"date":"2014-10-17T10:58:26","date_gmt":"2014-10-17T10:58:26","guid":{"rendered":"http:\/\/themes.themegoods2.com\/altair\/?page_id=3093"},"modified":"2018-09-05T22:55:48","modified_gmt":"2018-09-05T22:55:48","slug":"inicio","status":"publish","type":"page","link":"https:\/\/www.baltazar.cl\/w3\/","title":{"rendered":"Inicio"},"content":{"rendered":"","protected":false},"excerpt":{"rendered":"","protected":false},"author":1,"featured_media":3534,"parent":0,"menu_order":0,"comment_status":"open","ping_status":"closed","template":"page_f.php","meta":{"_bos_mb_destination":[""],"footnotes":""},"class_list":["post-3093","page","type-page","status-publish","has-post-thumbnail","hentry"],"yoast_head":"<!-- This site is optimized with the Yoast SEO plugin v27.3 - https:\/\/yoast.com\/product\/yoast-seo-wordpress\/ -->\n<title>Inicio - Baltazar Agencia de turismo<\/title>\n<meta name=\"description\" content=\"Baltazar Turismo S.A., empresa familiar que esta presente en el mercado tur\u00edstico desde 1988, poseedores de un alto prestigio , profesionalismo y calidad en nuestra gesti\u00f3n , atenci\u00f3n especializada en todo tipo de productos de viajes y asesor\u00edas integrales de turismo. Nuestra casa matriz se encuentra ubicada en la ciudad de Vi\u00f1a del Mar, donde posee su centro de operaciones.\" \/>\n<meta name=\"robots\" content=\"index, follow, max-snippet:-1, max-image-preview:large, max-video-preview:-1\" \/>\n<link rel=\"canonical\" href=\"https:\/\/www.baltazar.cl\/w3\/\" \/>\n<meta property=\"og:locale\" content=\"es_ES\" \/>\n<meta property=\"og:type\" content=\"article\" \/>\n<meta property=\"og:title\" content=\"Inicio - Baltazar Agencia de turismo\" \/>\n<meta property=\"og:description\" content=\"Baltazar Turismo S.A., empresa familiar que esta presente en el mercado tur\u00edstico desde 1988, poseedores de un alto prestigio , profesionalismo y calidad en nuestra gesti\u00f3n , atenci\u00f3n especializada en todo tipo de productos de viajes y asesor\u00edas integrales de turismo. Nuestra casa matriz se encuentra ubicada en la ciudad de Vi\u00f1a del Mar, donde posee su centro de operaciones.\" \/>\n<meta property=\"og:url\" content=\"https:\/\/www.baltazar.cl\/w3\/\" \/>\n<meta property=\"og:site_name\" content=\"Baltazar Agencia de turismo\" \/>\n<meta property=\"article:modified_time\" content=\"2018-09-05T22:55:48+00:00\" \/>\n<meta property=\"og:image\" content=\"https:\/\/www.baltazar.cl\/w3\/wp-content\/uploads\/2015\/01\/Chonos-Rafael-52.jpg\" \/>\n\t<meta property=\"og:image:width\" content=\"1024\" \/>\n\t<meta property=\"og:image:height\" content=\"683\" \/>\n\t<meta property=\"og:image:type\" content=\"image\/jpeg\" \/>\n<meta name=\"twitter:card\" content=\"summary_large_image\" \/>\n<script type=\"application\/ld+json\" class=\"yoast-schema-graph\">{\"@context\":\"https:\\\/\\\/schema.org\",\"@graph\":[{\"@type\":\"WebPage\",\"@id\":\"https:\\\/\\\/www.baltazar.cl\\\/w3\\\/\",\"url\":\"https:\\\/\\\/www.baltazar.cl\\\/w3\\\/\",\"name\":\"Inicio - Baltazar Agencia de turismo\",\"isPartOf\":{\"@id\":\"https:\\\/\\\/www.baltazar.cl\\\/w3\\\/#website\"},\"primaryImageOfPage\":{\"@id\":\"https:\\\/\\\/www.baltazar.cl\\\/w3\\\/#primaryimage\"},\"image\":{\"@id\":\"https:\\\/\\\/www.baltazar.cl\\\/w3\\\/#primaryimage\"},\"thumbnailUrl\":\"https:\\\/\\\/www.baltazar.cl\\\/w3\\\/wp-content\\\/uploads\\\/2015\\\/01\\\/Chonos-Rafael-52.jpg\",\"datePublished\":\"2014-10-17T10:58:26+00:00\",\"dateModified\":\"2018-09-05T22:55:48+00:00\",\"description\":\"Baltazar Turismo S.A., empresa familiar que esta presente en el mercado tur\u00edstico desde 1988, poseedores de un alto prestigio , profesionalismo y calidad en nuestra gesti\u00f3n , atenci\u00f3n especializada en todo tipo de productos de viajes y asesor\u00edas integrales de turismo. Nuestra casa matriz se encuentra ubicada en la ciudad de Vi\u00f1a del Mar, donde posee su centro de operaciones.\",\"breadcrumb\":{\"@id\":\"https:\\\/\\\/www.baltazar.cl\\\/w3\\\/#breadcrumb\"},\"inLanguage\":\"es\",\"potentialAction\":[{\"@type\":\"ReadAction\",\"target\":[\"https:\\\/\\\/www.baltazar.cl\\\/w3\\\/\"]}]},{\"@type\":\"ImageObject\",\"inLanguage\":\"es\",\"@id\":\"https:\\\/\\\/www.baltazar.cl\\\/w3\\\/#primaryimage\",\"url\":\"https:\\\/\\\/www.baltazar.cl\\\/w3\\\/wp-content\\\/uploads\\\/2015\\\/01\\\/Chonos-Rafael-52.jpg\",\"contentUrl\":\"https:\\\/\\\/www.baltazar.cl\\\/w3\\\/wp-content\\\/uploads\\\/2015\\\/01\\\/Chonos-Rafael-52.jpg\",\"width\":1024,\"height\":683},{\"@type\":\"BreadcrumbList\",\"@id\":\"https:\\\/\\\/www.baltazar.cl\\\/w3\\\/#breadcrumb\",\"itemListElement\":[{\"@type\":\"ListItem\",\"position\":1,\"name\":\"Portada\",\"item\":\"https:\\\/\\\/www.baltazar.cl\\\/w3\\\/\"},{\"@type\":\"ListItem\",\"position\":2,\"name\":\"Inicio\"}]},{\"@type\":\"WebSite\",\"@id\":\"https:\\\/\\\/www.baltazar.cl\\\/w3\\\/#website\",\"url\":\"https:\\\/\\\/www.baltazar.cl\\\/w3\\\/\",\"name\":\"Baltazar Agencia de turismo\",\"description\":\"Agencia de turismo\",\"potentialAction\":[{\"@type\":\"SearchAction\",\"target\":{\"@type\":\"EntryPoint\",\"urlTemplate\":\"https:\\\/\\\/www.baltazar.cl\\\/w3\\\/?s={search_term_string}\"},\"query-input\":{\"@type\":\"PropertyValueSpecification\",\"valueRequired\":true,\"valueName\":\"search_term_string\"}}],\"inLanguage\":\"es\"}]}<\/script>\n<!-- \/ Yoast SEO plugin. -->","yoast_head_json":{"title":"Inicio - Baltazar Agencia de turismo","description":"Baltazar Turismo S.A., empresa familiar que esta presente en el mercado tur\u00edstico desde 1988, poseedores de un alto prestigio , profesionalismo y calidad en nuestra gesti\u00f3n , atenci\u00f3n especializada en todo tipo de productos de viajes y asesor\u00edas integrales de turismo. Nuestra casa matriz se encuentra ubicada en la ciudad de Vi\u00f1a del Mar, donde posee su centro de operaciones.","robots":{"index":"index","follow":"follow","max-snippet":"max-snippet:-1","max-image-preview":"max-image-preview:large","max-video-preview":"max-video-preview:-1"},"canonical":"https:\/\/www.baltazar.cl\/w3\/","og_locale":"es_ES","og_type":"article","og_title":"Inicio - Baltazar Agencia de turismo","og_description":"Baltazar Turismo S.A., empresa familiar que esta presente en el mercado tur\u00edstico desde 1988, poseedores de un alto prestigio , profesionalismo y calidad en nuestra gesti\u00f3n , atenci\u00f3n especializada en todo tipo de productos de viajes y asesor\u00edas integrales de turismo. Nuestra casa matriz se encuentra ubicada en la ciudad de Vi\u00f1a del Mar, donde posee su centro de operaciones.","og_url":"https:\/\/www.baltazar.cl\/w3\/","og_site_name":"Baltazar Agencia de turismo","article_modified_time":"2018-09-05T22:55:48+00:00","og_image":[{"width":1024,"height":683,"url":"https:\/\/www.baltazar.cl\/w3\/wp-content\/uploads\/2015\/01\/Chonos-Rafael-52.jpg","type":"image\/jpeg"}],"twitter_card":"summary_large_image","schema":{"@context":"https:\/\/schema.org","@graph":[{"@type":"WebPage","@id":"https:\/\/www.baltazar.cl\/w3\/","url":"https:\/\/www.baltazar.cl\/w3\/","name":"Inicio - Baltazar Agencia de turismo","isPartOf":{"@id":"https:\/\/www.baltazar.cl\/w3\/#website"},"primaryImageOfPage":{"@id":"https:\/\/www.baltazar.cl\/w3\/#primaryimage"},"image":{"@id":"https:\/\/www.baltazar.cl\/w3\/#primaryimage"},"thumbnailUrl":"https:\/\/www.baltazar.cl\/w3\/wp-content\/uploads\/2015\/01\/Chonos-Rafael-52.jpg","datePublished":"2014-10-17T10:58:26+00:00","dateModified":"2018-09-05T22:55:48+00:00","description":"Baltazar Turismo S.A., empresa familiar que esta presente en el mercado tur\u00edstico desde 1988, poseedores de un alto prestigio , profesionalismo y calidad en nuestra gesti\u00f3n , atenci\u00f3n especializada en todo tipo de productos de viajes y asesor\u00edas integrales de turismo. Nuestra casa matriz se encuentra ubicada en la ciudad de Vi\u00f1a del Mar, donde posee su centro de operaciones.","breadcrumb":{"@id":"https:\/\/www.baltazar.cl\/w3\/#breadcrumb"},"inLanguage":"es","potentialAction":[{"@type":"ReadAction","target":["https:\/\/www.baltazar.cl\/w3\/"]}]},{"@type":"ImageObject","inLanguage":"es","@id":"https:\/\/www.baltazar.cl\/w3\/#primaryimage","url":"https:\/\/www.baltazar.cl\/w3\/wp-content\/uploads\/2015\/01\/Chonos-Rafael-52.jpg","contentUrl":"https:\/\/www.baltazar.cl\/w3\/wp-content\/uploads\/2015\/01\/Chonos-Rafael-52.jpg","width":1024,"height":683},{"@type":"BreadcrumbList","@id":"https:\/\/www.baltazar.cl\/w3\/#breadcrumb","itemListElement":[{"@type":"ListItem","position":1,"name":"Portada","item":"https:\/\/www.baltazar.cl\/w3\/"},{"@type":"ListItem","position":2,"name":"Inicio"}]},{"@type":"WebSite","@id":"https:\/\/www.baltazar.cl\/w3\/#website","url":"https:\/\/www.baltazar.cl\/w3\/","name":"Baltazar Agencia de turismo","description":"Agencia de turismo","potentialAction":[{"@type":"SearchAction","target":{"@type":"EntryPoint","urlTemplate":"https:\/\/www.baltazar.cl\/w3\/?s={search_term_string}"},"query-input":{"@type":"PropertyValueSpecification","valueRequired":true,"valueName":"search_term_string"}}],"inLanguage":"es"}]}},"_links":{"self":[{"href":"https:\/\/www.baltazar.cl\/w3\/wp-json\/wp\/v2\/pages\/3093","targetHints":{"allow":["GET"]}}],"collection":[{"href":"https:\/\/www.baltazar.cl\/w3\/wp-json\/wp\/v2\/pages"}],"about":[{"href":"https:\/\/www.baltazar.cl\/w3\/wp-json\/wp\/v2\/types\/page"}],"author":[{"embeddable":true,"href":"https:\/\/www.baltazar.cl\/w3\/wp-json\/wp\/v2\/users\/1"}],"replies":[{"embeddable":true,"href":"https:\/\/www.baltazar.cl\/w3\/wp-json\/wp\/v2\/comments?post=3093"}],"version-history":[{"count":1,"href":"https:\/\/www.baltazar.cl\/w3\/wp-json\/wp\/v2\/pages\/3093\/revisions"}],"predecessor-version":[{"id":3744,"href":"https:\/\/www.baltazar.cl\/w3\/wp-json\/wp\/v2\/pages\/3093\/revisions\/3744"}],"wp:featuredmedia":[{"embeddable":true,"href":"https:\/\/www.baltazar.cl\/w3\/wp-json\/wp\/v2\/media\/3534"}],"wp:attachment":[{"href":"https:\/\/www.baltazar.cl\/w3\/wp-json\/wp\/v2\/media?parent=3093"}],"curies":[{"name":"wp","href":"https:\/\/api.w.org\/{rel}","templated":true}]}}